{"id":787,"date":"2023-04-21T17:29:31","date_gmt":"2023-04-21T15:29:31","guid":{"rendered":"https:\/\/www.balatonhost.com\/?page_id=787"},"modified":"2023-05-16T00:25:15","modified_gmt":"2023-05-15T22:25:15","slug":"diensleistungen","status":"publish","type":"page","link":"https:\/\/www.balatonhost.com\/de\/diensleistungen\/","title":{"rendered":"Diensleistungen"},"content":{"rendered":"<h2 id=\"adminisztracio\">Unterkunftsverwaltung<\/h2>\n<p><img loading=\"lazy\" decoding=\"async\" class=\"alignright wp-image-124 size-medium\" src=\"..\/..\/wp-content\/uploads\/2023\/05\/szallas_adminisztracio-300x177.jpg\" alt=\"Sz\u00e1ll\u00e1s adminisztr\u00e1ci\u00f3\" width=\"300\" height=\"177\" \/> Unterkunftsverwaltung Die administrativen Verpflichtungen im Zusammenhang mit der Kurzzeitvermietung von Unterk\u00fcnften nehmen stetig zu und belasten die Zimmervermieter erheblich. Im Rahmen unseres Services \u00fcbernehmen wir die vollst\u00e4ndige Verwaltung Ihrer Mietunterkunft an jedem beliebigen Ort in Ungarn und halten uns an die Vorschriften der Aufsichtsbeh\u00f6rden.<\/p>\n<p>Wenn Sie unseren Service bestellen, besteht Ihre einzige Aufgabe darin, die Unterkunft f\u00fcr die Aufnahme von G\u00e4sten vorzubereiten und sie willkommen zu hei\u00dfen. Wir erledigen aus der Ferne alle t\u00e4glichen und monatlichen Meldepflichten mithilfe unseres Unterkunftsverwaltungssystems. Dar\u00fcber hinaus k\u00fcmmern wir uns um die Verwaltung der Unterkunftsbuchungsplattformen (OTA), beginnend mit der Erstellung der Inserate. Wir \u00fcbernehmen auch die umfassende internationale G\u00e4stekommunikation, einschlie\u00dflich:<\/p>\n<ul>\n<li>Pflege des Kontakts zu den G\u00e4sten<\/li>\n<li>Einholen von Reservierungen\/Mietzahlungen<\/li>\n<li>Ausstellen von Rechnungen f\u00fcr eingegangene Betr\u00e4ge<\/li>\n<li>Best\u00e4tigung einzelner Phasen der Buchung gegen\u00fcber den G\u00e4sten<\/li>\n<li>T\u00e4gliches Hochladen der ausgestellten Online-Rechnungen in das System der Steuerbeh\u00f6rde (NAV)<\/li>\n<li>Erfassung von G\u00e4steinformationen f\u00fcr die Tourismussteuermeldung<\/li>\n<li>Registrierung von G\u00e4sten im NTAK-System (vendegem.hu)<\/li>\n<li>Verwaltung der NTAK-Tagesabschl\u00fcsse auch au\u00dferhalb der Saison<\/li>\n<li>Monatliche Meldung der Tourismussteuer an die zust\u00e4ndige \u00f6rtliche Gemeinde<\/li>\n<\/ul>\n<p>Wenn Sie die termingerechten, arbeitsintensiven Meldepflichten nicht m\u00f6gen, Schwierigkeiten haben, in fremden Sprachen mit Ihren G\u00e4sten zu kommunizieren oder aufgrund anderer Verpflichtungen keine Zeit f\u00fcr die B\u00fcroarbeit haben, \u00fcberlassen Sie uns das. Wir \u00fcbernehmen diese Verantwortung verantwortungsbewusst.<\/p>\n<blockquote><p>In Bezug auf den Verwaltungsservice basiert unsere Provision auf dem Bruttobetrag der Unterkunftsvermietung: 15% + MwSt.<\/p><\/blockquote>\n<h2 id=\"uzemeltetes\">Vollst\u00e4ndige Verwaltung<\/h2>\n<p><img loading=\"lazy\" decoding=\"async\" class=\"alignright wp-image-128 size-medium\" src=\"..\/..\/wp-content\/uploads\/2023\/05\/teljes_koru_uzemeltetes-300x199.jpg\" alt=\"Teljes k\u00f6r\u0171 \u00fczemeltet\u00e9s\" width=\"300\" height=\"199\" \/><br \/>\nVollst\u00e4ndige Verwaltung Wenn Sie eine Immobilie in Balatonf\u00fcred als Investition erworben haben, \u00fcbernehmen wir die vollst\u00e4ndige Verwaltung des Vermietungsprozesses Ihrer Unterkunft. In diesem Fall m\u00fcssen Sie sich weder um die Verwaltung noch um operative Aufgaben k\u00fcmmern. Unser zuverl\u00e4ssiges Team erledigt verantwortungsbewusst alle mit der Zimmervermietung verbundenen Aspekte.<br \/>\nNeben den in der Unterkunftsverwaltung aufgef\u00fchrten Aufgaben k\u00fcmmern wir uns auch um die Reinigung der Unterkunft, die W\u00e4sche von Textilien und den Empfang der ankommenden G\u00e4ste in unserem B\u00fcro.<\/p>\n<p>Wir stellen mit gr\u00fcndlichem Reinigungspersonal und professionellen W\u00e4schereieinrichtungen einen hochwertigen Service sicher. \u00dcber unsere zentrale Rezeption erledigen wir flexibel die Ein- und Auscheckvorg\u00e4nge der G\u00e4ste und streben w\u00e4hrend ihres gesamten Aufenthalts nach dem bestm\u00f6glichen G\u00e4steerlebnis. Wenn Sie diesen Service w\u00e4hlen, m\u00fcssen Sie w\u00e4hrend des G\u00e4steempfangs nichts tun. Unser Team \u00fcbernimmt die Verantwortung f\u00fcr die ordnungsgem\u00e4\u00dfe Betreuung Ihrer Immobilie.<\/p>\n<blockquote><p>In Bezug auf die vollst\u00e4ndige Verwaltung basiert unsere Provision auf dem Bruttobetrag der Unterkunftsvermietung: 25% + MwSt.<\/p><\/blockquote>\n<p>Bei uns ist der Gast K\u00f6nig!<br \/>\nAber auch die Interessen der Eigent\u00fcmer sind von gro\u00dfer Bedeutung, und wir ber\u00fccksichtigen sie vollst\u00e4ndig vor jeder Buchung und w\u00e4hrend des Aufenthalts der G\u00e4ste. Wir sch\u00fctzen den Zustand der Wohnung bereits durch die Vorauswahl der G\u00e4ste und die Erhebung einer Kaution. Wir k\u00fcmmern uns auch um kleinere technische Probleme und greifen bei gr\u00f6\u00dferen Ausf\u00e4llen auf zuverl\u00e4ssige Fachleute zur\u00fcck, um sicherzustellen, dass unsere G\u00e4ste rundum zufrieden sind.<\/p>\n","protected":false},"excerpt":{"rendered":"<p>Unterkunftsverwaltung Unterkunftsverwaltung Die administrativen Verpflichtungen im Zusammenhang mit der Kurzzeitvermietung von Unterk\u00fcnften nehmen stetig zu und belasten die Zimmervermieter erheblich. Im Rahmen unseres Services \u00fcbernehmen wir die vollst\u00e4ndige Verwaltung Ihrer Mietunterkunft an jedem beliebigen Ort in Ungarn und halten uns an die Vorschriften der Aufsichtsbeh\u00f6rden. Wenn Sie unseren Service bestellen, besteht Ihre einzige Aufgabe darin, [&hellip;]<\/p>\n","protected":false},"author":1,"featured_media":0,"parent":0,"menu_order":0,"comment_status":"closed","ping_status":"closed","template":"page-services.php","meta":{"_acf_changed":false,"footnotes":""},"class_list":["post-787","page","type-page","status-publish","hentry"],"acf":[],"yoast_head":"<!-- This site is optimized with the Yoast SEO plugin v25.6 - https:\/\/yoast.com\/wordpress\/plugins\/seo\/ -->\n<title>Diensleistungen - BalatonHost<\/title>\n<meta name=\"robots\" content=\"index, follow, max-snippet:-1, max-image-preview:large, max-video-preview:-1\" \/>\n<link rel=\"canonical\" href=\"https:\/\/www.balatonhost.com\/de\/diensleistungen\/\" \/>\n<meta property=\"og:locale\" content=\"de_DE\" \/>\n<meta property=\"og:type\" content=\"article\" \/>\n<meta property=\"og:title\" content=\"Diensleistungen - BalatonHost\" \/>\n<meta property=\"og:description\" content=\"Unterkunftsverwaltung Unterkunftsverwaltung Die administrativen Verpflichtungen im Zusammenhang mit der Kurzzeitvermietung von Unterk\u00fcnften nehmen stetig zu und belasten die Zimmervermieter erheblich. Im Rahmen unseres Services \u00fcbernehmen wir die vollst\u00e4ndige Verwaltung Ihrer Mietunterkunft an jedem beliebigen Ort in Ungarn und halten uns an die Vorschriften der Aufsichtsbeh\u00f6rden. Wenn Sie unseren Service bestellen, besteht Ihre einzige Aufgabe darin, [&hellip;]\" \/>\n<meta property=\"og:url\" content=\"https:\/\/www.balatonhost.com\/de\/diensleistungen\/\" \/>\n<meta property=\"og:site_name\" content=\"BalatonHost\" \/>\n<meta property=\"article:modified_time\" content=\"2023-05-15T22:25:15+00:00\" \/>\n<meta name=\"twitter:card\" content=\"summary_large_image\" \/>\n<meta name=\"twitter:label1\" content=\"Gesch\u00e4tzte Lesezeit\" \/>\n\t<meta name=\"twitter:data1\" content=\"3\u00a0Minuten\" \/>\n<script type=\"application\/ld+json\" class=\"yoast-schema-graph\">{\"@context\":\"https:\/\/schema.org\",\"@graph\":[{\"@type\":\"WebPage\",\"@id\":\"https:\/\/www.balatonhost.com\/de\/diensleistungen\/\",\"url\":\"https:\/\/www.balatonhost.com\/de\/diensleistungen\/\",\"name\":\"Diensleistungen - BalatonHost\",\"isPartOf\":{\"@id\":\"https:\/\/www.balatonhost.com\/de\/#website\"},\"datePublished\":\"2023-04-21T15:29:31+00:00\",\"dateModified\":\"2023-05-15T22:25:15+00:00\",\"breadcrumb\":{\"@id\":\"https:\/\/www.balatonhost.com\/de\/diensleistungen\/#breadcrumb\"},\"inLanguage\":\"de\",\"potentialAction\":[{\"@type\":\"ReadAction\",\"target\":[\"https:\/\/www.balatonhost.com\/de\/diensleistungen\/\"]}]},{\"@type\":\"BreadcrumbList\",\"@id\":\"https:\/\/www.balatonhost.com\/de\/diensleistungen\/#breadcrumb\",\"itemListElement\":[{\"@type\":\"ListItem\",\"position\":1,\"name\":\"Home\",\"item\":\"https:\/\/www.balatonhost.com\/de\/\"},{\"@type\":\"ListItem\",\"position\":2,\"name\":\"Diensleistungen\"}]},{\"@type\":\"WebSite\",\"@id\":\"https:\/\/www.balatonhost.com\/de\/#website\",\"url\":\"https:\/\/www.balatonhost.com\/de\/\",\"name\":\"BalatonHost\",\"description\":\"Teljes k\u00f6r\u0171 sz\u00e1ll\u00e1shely \u00fczemeltet\u00e9s Balatonn\u00e1l, kiad\u00f3 sz\u00e1ll\u00e1sok Balatonf\u00fcredi k\u00f6zponttal\",\"publisher\":{\"@id\":\"https:\/\/www.balatonhost.com\/de\/#organization\"},\"alternateName\":\"BalatonHost Sz\u00e1ll\u00e1shely \u00dczemeltet\u00e9s\",\"potentialAction\":[{\"@type\":\"SearchAction\",\"target\":{\"@type\":\"EntryPoint\",\"urlTemplate\":\"https:\/\/www.balatonhost.com\/de\/?s={search_term_string}\"},\"query-input\":{\"@type\":\"PropertyValueSpecification\",\"valueRequired\":true,\"valueName\":\"search_term_string\"}}],\"inLanguage\":\"de\"},{\"@type\":\"Organization\",\"@id\":\"https:\/\/www.balatonhost.com\/de\/#organization\",\"name\":\"BalatonHost\",\"url\":\"https:\/\/www.balatonhost.com\/de\/\",\"logo\":{\"@type\":\"ImageObject\",\"inLanguage\":\"de\",\"@id\":\"https:\/\/www.balatonhost.com\/de\/#\/schema\/logo\/image\/\",\"url\":\"https:\/\/www.balatonhost.com\/wp-content\/uploads\/2023\/05\/balatonhost_logo.fw_.png\",\"contentUrl\":\"https:\/\/www.balatonhost.com\/wp-content\/uploads\/2023\/05\/balatonhost_logo.fw_.png\",\"width\":800,\"height\":260,\"caption\":\"BalatonHost\"},\"image\":{\"@id\":\"https:\/\/www.balatonhost.com\/de\/#\/schema\/logo\/image\/\"}}]}<\/script>\n<!-- \/ Yoast SEO plugin. -->","yoast_head_json":{"title":"Diensleistungen - BalatonHost","robots":{"index":"index","follow":"follow","max-snippet":"max-snippet:-1","max-image-preview":"max-image-preview:large","max-video-preview":"max-video-preview:-1"},"canonical":"https:\/\/www.balatonhost.com\/de\/diensleistungen\/","og_locale":"de_DE","og_type":"article","og_title":"Diensleistungen - BalatonHost","og_description":"Unterkunftsverwaltung Unterkunftsverwaltung Die administrativen Verpflichtungen im Zusammenhang mit der Kurzzeitvermietung von Unterk\u00fcnften nehmen stetig zu und belasten die Zimmervermieter erheblich. Im Rahmen unseres Services \u00fcbernehmen wir die vollst\u00e4ndige Verwaltung Ihrer Mietunterkunft an jedem beliebigen Ort in Ungarn und halten uns an die Vorschriften der Aufsichtsbeh\u00f6rden. Wenn Sie unseren Service bestellen, besteht Ihre einzige Aufgabe darin, [&hellip;]","og_url":"https:\/\/www.balatonhost.com\/de\/diensleistungen\/","og_site_name":"BalatonHost","article_modified_time":"2023-05-15T22:25:15+00:00","twitter_card":"summary_large_image","twitter_misc":{"Gesch\u00e4tzte Lesezeit":"3\u00a0Minuten"},"schema":{"@context":"https:\/\/schema.org","@graph":[{"@type":"WebPage","@id":"https:\/\/www.balatonhost.com\/de\/diensleistungen\/","url":"https:\/\/www.balatonhost.com\/de\/diensleistungen\/","name":"Diensleistungen - BalatonHost","isPartOf":{"@id":"https:\/\/www.balatonhost.com\/de\/#website"},"datePublished":"2023-04-21T15:29:31+00:00","dateModified":"2023-05-15T22:25:15+00:00","breadcrumb":{"@id":"https:\/\/www.balatonhost.com\/de\/diensleistungen\/#breadcrumb"},"inLanguage":"de","potentialAction":[{"@type":"ReadAction","target":["https:\/\/www.balatonhost.com\/de\/diensleistungen\/"]}]},{"@type":"BreadcrumbList","@id":"https:\/\/www.balatonhost.com\/de\/diensleistungen\/#breadcrumb","itemListElement":[{"@type":"ListItem","position":1,"name":"Home","item":"https:\/\/www.balatonhost.com\/de\/"},{"@type":"ListItem","position":2,"name":"Diensleistungen"}]},{"@type":"WebSite","@id":"https:\/\/www.balatonhost.com\/de\/#website","url":"https:\/\/www.balatonhost.com\/de\/","name":"BalatonHost","description":"Teljes k\u00f6r\u0171 sz\u00e1ll\u00e1shely \u00fczemeltet\u00e9s Balatonn\u00e1l, kiad\u00f3 sz\u00e1ll\u00e1sok Balatonf\u00fcredi k\u00f6zponttal","publisher":{"@id":"https:\/\/www.balatonhost.com\/de\/#organization"},"alternateName":"BalatonHost Sz\u00e1ll\u00e1shely \u00dczemeltet\u00e9s","potentialAction":[{"@type":"SearchAction","target":{"@type":"EntryPoint","urlTemplate":"https:\/\/www.balatonhost.com\/de\/?s={search_term_string}"},"query-input":{"@type":"PropertyValueSpecification","valueRequired":true,"valueName":"search_term_string"}}],"inLanguage":"de"},{"@type":"Organization","@id":"https:\/\/www.balatonhost.com\/de\/#organization","name":"BalatonHost","url":"https:\/\/www.balatonhost.com\/de\/","logo":{"@type":"ImageObject","inLanguage":"de","@id":"https:\/\/www.balatonhost.com\/de\/#\/schema\/logo\/image\/","url":"https:\/\/www.balatonhost.com\/wp-content\/uploads\/2023\/05\/balatonhost_logo.fw_.png","contentUrl":"https:\/\/www.balatonhost.com\/wp-content\/uploads\/2023\/05\/balatonhost_logo.fw_.png","width":800,"height":260,"caption":"BalatonHost"},"image":{"@id":"https:\/\/www.balatonhost.com\/de\/#\/schema\/logo\/image\/"}}]}},"_links":{"self":[{"href":"https:\/\/www.balatonhost.com\/de\/wp-json\/wp\/v2\/pages\/787"}],"collection":[{"href":"https:\/\/www.balatonhost.com\/de\/wp-json\/wp\/v2\/pages"}],"about":[{"href":"https:\/\/www.balatonhost.com\/de\/wp-json\/wp\/v2\/types\/page"}],"author":[{"embeddable":true,"href":"https:\/\/www.balatonhost.com\/de\/wp-json\/wp\/v2\/users\/1"}],"replies":[{"embeddable":true,"href":"https:\/\/www.balatonhost.com\/de\/wp-json\/wp\/v2\/comments?post=787"}],"version-history":[{"count":0,"href":"https:\/\/www.balatonhost.com\/de\/wp-json\/wp\/v2\/pages\/787\/revisions"}],"wp:attachment":[{"href":"https:\/\/www.balatonhost.com\/de\/wp-json\/wp\/v2\/media?parent=787"}],"curies":[{"name":"wp","href":"https:\/\/api.w.org\/{rel}","templated":true}]}}