{"id":743,"date":"2023-04-17T16:15:08","date_gmt":"2023-04-17T14:15:08","guid":{"rendered":"https:\/\/www.balatonhost.com\/unterkuenfte\/"},"modified":"2023-04-17T16:15:08","modified_gmt":"2023-04-17T14:15:08","slug":"unterkuenfte","status":"publish","type":"page","link":"https:\/\/www.balatonhost.com\/de\/unterkuenfte\/","title":{"rendered":"Unterk\u00fcnfte"},"content":{"rendered":"","protected":false},"excerpt":{"rendered":"","protected":false},"author":1,"featured_media":0,"parent":0,"menu_order":0,"comment_status":"closed","ping_status":"closed","template":"","meta":{"_acf_changed":false,"footnotes":""},"class_list":["post-743","page","type-page","status-publish","hentry"],"acf":[],"yoast_head":"<!-- This site is optimized with the Yoast SEO plugin v25.6 - https:\/\/yoast.com\/wordpress\/plugins\/seo\/ -->\n<title>Unterk\u00fcnfte - BalatonHost<\/title>\n<meta name=\"robots\" content=\"index, follow, max-snippet:-1, max-image-preview:large, max-video-preview:-1\" \/>\n<link rel=\"canonical\" href=\"https:\/\/www.balatonhost.com\/de\/unterkuenfte\/\" \/>\n<meta property=\"og:locale\" content=\"de_DE\" \/>\n<meta property=\"og:type\" content=\"article\" \/>\n<meta property=\"og:title\" content=\"Unterk\u00fcnfte - BalatonHost\" \/>\n<meta property=\"og:url\" content=\"https:\/\/www.balatonhost.com\/de\/unterkuenfte\/\" \/>\n<meta property=\"og:site_name\" content=\"BalatonHost\" \/>\n<meta name=\"twitter:card\" content=\"summary_large_image\" \/>\n<script type=\"application\/ld+json\" class=\"yoast-schema-graph\">{\"@context\":\"https:\/\/schema.org\",\"@graph\":[{\"@type\":\"WebPage\",\"@id\":\"https:\/\/www.balatonhost.com\/de\/unterkuenfte\/\",\"url\":\"https:\/\/www.balatonhost.com\/de\/unterkuenfte\/\",\"name\":\"Unterk\u00fcnfte - BalatonHost\",\"isPartOf\":{\"@id\":\"https:\/\/www.balatonhost.com\/de\/#website\"},\"datePublished\":\"2023-04-17T14:15:08+00:00\",\"breadcrumb\":{\"@id\":\"https:\/\/www.balatonhost.com\/de\/unterkuenfte\/#breadcrumb\"},\"inLanguage\":\"de\",\"potentialAction\":[{\"@type\":\"ReadAction\",\"target\":[\"https:\/\/www.balatonhost.com\/de\/unterkuenfte\/\"]}]},{\"@type\":\"BreadcrumbList\",\"@id\":\"https:\/\/www.balatonhost.com\/de\/unterkuenfte\/#breadcrumb\",\"itemListElement\":[{\"@type\":\"ListItem\",\"position\":1,\"name\":\"Home\",\"item\":\"https:\/\/www.balatonhost.com\/de\/\"},{\"@type\":\"ListItem\",\"position\":2,\"name\":\"Unterk\u00fcnfte\"}]},{\"@type\":\"WebSite\",\"@id\":\"https:\/\/www.balatonhost.com\/de\/#website\",\"url\":\"https:\/\/www.balatonhost.com\/de\/\",\"name\":\"BalatonHost\",\"description\":\"Teljes k\u00f6r\u0171 sz\u00e1ll\u00e1shely \u00fczemeltet\u00e9s Balatonn\u00e1l, kiad\u00f3 sz\u00e1ll\u00e1sok Balatonf\u00fcredi k\u00f6zponttal\",\"publisher\":{\"@id\":\"https:\/\/www.balatonhost.com\/de\/#organization\"},\"alternateName\":\"BalatonHost Sz\u00e1ll\u00e1shely \u00dczemeltet\u00e9s\",\"potentialAction\":[{\"@type\":\"SearchAction\",\"target\":{\"@type\":\"EntryPoint\",\"urlTemplate\":\"https:\/\/www.balatonhost.com\/de\/?s={search_term_string}\"},\"query-input\":{\"@type\":\"PropertyValueSpecification\",\"valueRequired\":true,\"valueName\":\"search_term_string\"}}],\"inLanguage\":\"de\"},{\"@type\":\"Organization\",\"@id\":\"https:\/\/www.balatonhost.com\/de\/#organization\",\"name\":\"BalatonHost\",\"url\":\"https:\/\/www.balatonhost.com\/de\/\",\"logo\":{\"@type\":\"ImageObject\",\"inLanguage\":\"de\",\"@id\":\"https:\/\/www.balatonhost.com\/de\/#\/schema\/logo\/image\/\",\"url\":\"https:\/\/www.balatonhost.com\/wp-content\/uploads\/2023\/05\/balatonhost_logo.fw_.png\",\"contentUrl\":\"https:\/\/www.balatonhost.com\/wp-content\/uploads\/2023\/05\/balatonhost_logo.fw_.png\",\"width\":800,\"height\":260,\"caption\":\"BalatonHost\"},\"image\":{\"@id\":\"https:\/\/www.balatonhost.com\/de\/#\/schema\/logo\/image\/\"}}]}<\/script>\n<!-- \/ Yoast SEO plugin. -->","yoast_head_json":{"title":"Unterk\u00fcnfte - BalatonHost","robots":{"index":"index","follow":"follow","max-snippet":"max-snippet:-1","max-image-preview":"max-image-preview:large","max-video-preview":"max-video-preview:-1"},"canonical":"https:\/\/www.balatonhost.com\/de\/unterkuenfte\/","og_locale":"de_DE","og_type":"article","og_title":"Unterk\u00fcnfte - BalatonHost","og_url":"https:\/\/www.balatonhost.com\/de\/unterkuenfte\/","og_site_name":"BalatonHost","twitter_card":"summary_large_image","schema":{"@context":"https:\/\/schema.org","@graph":[{"@type":"WebPage","@id":"https:\/\/www.balatonhost.com\/de\/unterkuenfte\/","url":"https:\/\/www.balatonhost.com\/de\/unterkuenfte\/","name":"Unterk\u00fcnfte - BalatonHost","isPartOf":{"@id":"https:\/\/www.balatonhost.com\/de\/#website"},"datePublished":"2023-04-17T14:15:08+00:00","breadcrumb":{"@id":"https:\/\/www.balatonhost.com\/de\/unterkuenfte\/#breadcrumb"},"inLanguage":"de","potentialAction":[{"@type":"ReadAction","target":["https:\/\/www.balatonhost.com\/de\/unterkuenfte\/"]}]},{"@type":"BreadcrumbList","@id":"https:\/\/www.balatonhost.com\/de\/unterkuenfte\/#breadcrumb","itemListElement":[{"@type":"ListItem","position":1,"name":"Home","item":"https:\/\/www.balatonhost.com\/de\/"},{"@type":"ListItem","position":2,"name":"Unterk\u00fcnfte"}]},{"@type":"WebSite","@id":"https:\/\/www.balatonhost.com\/de\/#website","url":"https:\/\/www.balatonhost.com\/de\/","name":"BalatonHost","description":"Teljes k\u00f6r\u0171 sz\u00e1ll\u00e1shely \u00fczemeltet\u00e9s Balatonn\u00e1l, kiad\u00f3 sz\u00e1ll\u00e1sok Balatonf\u00fcredi k\u00f6zponttal","publisher":{"@id":"https:\/\/www.balatonhost.com\/de\/#organization"},"alternateName":"BalatonHost Sz\u00e1ll\u00e1shely \u00dczemeltet\u00e9s","potentialAction":[{"@type":"SearchAction","target":{"@type":"EntryPoint","urlTemplate":"https:\/\/www.balatonhost.com\/de\/?s={search_term_string}"},"query-input":{"@type":"PropertyValueSpecification","valueRequired":true,"valueName":"search_term_string"}}],"inLanguage":"de"},{"@type":"Organization","@id":"https:\/\/www.balatonhost.com\/de\/#organization","name":"BalatonHost","url":"https:\/\/www.balatonhost.com\/de\/","logo":{"@type":"ImageObject","inLanguage":"de","@id":"https:\/\/www.balatonhost.com\/de\/#\/schema\/logo\/image\/","url":"https:\/\/www.balatonhost.com\/wp-content\/uploads\/2023\/05\/balatonhost_logo.fw_.png","contentUrl":"https:\/\/www.balatonhost.com\/wp-content\/uploads\/2023\/05\/balatonhost_logo.fw_.png","width":800,"height":260,"caption":"BalatonHost"},"image":{"@id":"https:\/\/www.balatonhost.com\/de\/#\/schema\/logo\/image\/"}}]}},"_links":{"self":[{"href":"https:\/\/www.balatonhost.com\/de\/wp-json\/wp\/v2\/pages\/743"}],"collection":[{"href":"https:\/\/www.balatonhost.com\/de\/wp-json\/wp\/v2\/pages"}],"about":[{"href":"https:\/\/www.balatonhost.com\/de\/wp-json\/wp\/v2\/types\/page"}],"author":[{"embeddable":true,"href":"https:\/\/www.balatonhost.com\/de\/wp-json\/wp\/v2\/users\/1"}],"replies":[{"embeddable":true,"href":"https:\/\/www.balatonhost.com\/de\/wp-json\/wp\/v2\/comments?post=743"}],"version-history":[{"count":0,"href":"https:\/\/www.balatonhost.com\/de\/wp-json\/wp\/v2\/pages\/743\/revisions"}],"wp:attachment":[{"href":"https:\/\/www.balatonhost.com\/de\/wp-json\/wp\/v2\/media?parent=743"}],"curies":[{"name":"wp","href":"https:\/\/api.w.org\/{rel}","templated":true}]}}